{"id":3617,"date":"2026-01-08T13:28:11","date_gmt":"2026-01-08T12:28:11","guid":{"rendered":"https:\/\/www.cenco.cat\/mercantil\/"},"modified":"2026-01-13T17:10:07","modified_gmt":"2026-01-13T16:10:07","slug":"mercantil","status":"publish","type":"page","link":"https:\/\/cenco.cat\/es\/servicios\/mercantil\/","title":{"rendered":"Mercantil"},"content":{"rendered":"<p><div class=\"fusion-fullwidth fullwidth-box fusion-builder-row-1 fusion-flex-container has-pattern-background has-mask-background hundred-percent-fullwidth non-hundred-percent-height-scrolling\" style=\"--awb-border-radius-top-left:0px;--awb-border-radius-top-right:0px;--awb-border-radius-bottom-right:0px;--awb-border-radius-bottom-left:0px;--awb-flex-wrap:wrap;\" ><div class=\"fusion-builder-row fusion-row fusion-flex-align-items-center fusion-flex-justify-content-center fusion-flex-content-wrap\" style=\"width:104% !important;max-width:104% !important;margin-left: calc(-4% \/ 2 );margin-right: calc(-4% \/ 2 );\"><div class=\"fusion-layout-column fusion_builder_column fusion-builder-column-0 fusion_builder_column_1_1 1_1 fusion-flex-column fusion-flex-align-self-center\" style=\"--awb-padding-top:80px;--awb-padding-right:100px;--awb-padding-bottom:100px;--awb-padding-left:100px;--awb-padding-top-small:20px;--awb-padding-right-small:20px;--awb-padding-bottom-small:20px;--awb-padding-left-small:20px;--awb-overflow:hidden;--awb-bg-image:linear-gradient(180deg, var(--awb-color7) 0%,rgba(34,37,61,0.77) 100%);;--awb-bg-position:center center;--awb-bg-size:cover;--awb-border-radius:0px 0px 0px 50px;--awb-width-large:100%;--awb-margin-top-large:0px;--awb-spacing-right-large:80px;--awb-margin-bottom-large:0px;--awb-spacing-left-large:80px;--awb-width-medium:100%;--awb-order-medium:0;--awb-spacing-right-medium:80px;--awb-spacing-left-medium:80px;--awb-width-small:100%;--awb-order-small:0;--awb-spacing-right-small:1.92%;--awb-spacing-left-small:1.92%;\"><div class=\"fusion-column-wrapper lazyload fusion-column-has-shadow fusion-flex-justify-content-center fusion-content-layout-column fusion-column-has-bg-image\" data-bg-url=\"https:\/\/www.cenco.cat\/wp-content\/uploads\/2026\/01\/serveis-cenco-mercantil.jpg\" data-bg=\"https:\/\/www.cenco.cat\/wp-content\/uploads\/2026\/01\/serveis-cenco-mercantil.jpg\" data-bg-gradient=\"linear-gradient(180deg, var(--awb-color7) 0%,rgba(34,37,61,0.77) 100%)\"><div class=\"fusion-title title fusion-title-1 fusion-sep-none fusion-title-center fusion-title-text fusion-title-size-one\" style=\"--awb-text-color:var(--awb-color1);--awb-margin-top:0px;--awb-margin-bottom:30px;--awb-margin-top-small:0px;--awb-margin-bottom-medium:20px;\"><h1 class=\"fusion-title-heading title-heading-center\" style=\"margin:0;\">Mercantil<\/h1><\/div><div class=\"fusion-title title fusion-title-2 fusion-sep-none fusion-title-center fusion-title-text fusion-title-size-paragraph\" style=\"--awb-text-color:var(--awb-color1);--awb-margin-bottom-small:20px;--awb-font-size:20px;\"><p class=\"fusion-title-heading title-heading-center title-heading-tag\" style=\"font-family:var(--awb-typography2-font-family);font-weight:var(--awb-typography2-font-weight);font-style:var(--awb-typography2-font-style);margin:0;text-transform:none;font-size:1em;\">Asesoramiento integral en la creaci\u00f3n y compraventa de Sociedades, incluyendo la redacci\u00f3n de Estatutos Sociales, la asistencia a la firma en la Notar\u00eda y la inscripci\u00f3n en el Registro Mercantil correspondiente.<\/p><\/div><\/div><\/div><\/div><\/div><div class=\"fusion-fullwidth fullwidth-box fusion-builder-row-2 fusion-flex-container has-pattern-background has-mask-background nonhundred-percent-fullwidth non-hundred-percent-height-scrolling\" style=\"--awb-border-radius-top-left:0px;--awb-border-radius-top-right:0px;--awb-border-radius-bottom-right:0px;--awb-border-radius-bottom-left:0px;--awb-padding-top:0px;--awb-margin-top:60px;--awb-margin-bottom:60px;--awb-flex-wrap:wrap;\" ><div class=\"fusion-builder-row fusion-row fusion-flex-align-items-flex-start fusion-flex-justify-content-center fusion-flex-content-wrap\" style=\"max-width:1372.8px;margin-left: calc(-4% \/ 2 );margin-right: calc(-4% \/ 2 );\"><div class=\"fusion-layout-column fusion_builder_column fusion-builder-column-1 fusion_builder_column_1_2 1_2 fusion-flex-column\" style=\"--awb-bg-size:cover;--awb-transform:translateX(0px);--awb-transform-hover:translateX(15px);--awb-width-large:50%;--awb-margin-top-large:0px;--awb-spacing-right-large:3.84%;--awb-margin-bottom-large:0px;--awb-spacing-left-large:3.84%;--awb-width-medium:50%;--awb-order-medium:0;--awb-spacing-right-medium:3.84%;--awb-spacing-left-medium:3.84%;--awb-width-small:100%;--awb-order-small:2;--awb-spacing-right-small:1.92%;--awb-spacing-left-small:1.92%;\"><div class=\"fusion-column-wrapper fusion-column-has-shadow fusion-flex-justify-content-flex-start fusion-content-layout-column\"><div class=\"fusion-image-element \" style=\"--awb-aspect-ratio: 100 \/ 90;--awb-object-position:52% 22%;--awb-caption-title-color:hsla(var(--awb-color1-h),var(--awb-color1-s),var(--awb-color1-l),calc(var(--awb-color1-a) - 100%));--awb-caption-overlay-color:hsla(var(--awb-color1-h),var(--awb-color1-s),calc(var(--awb-color1-l) - 100%),calc(var(--awb-color1-a) - 50%));--awb-caption-title-font-family:var(--h2_typography-font-family);--awb-caption-title-font-weight:var(--h2_typography-font-weight);--awb-caption-title-font-style:var(--h2_typography-font-style);--awb-caption-title-size:var(--h2_typography-font-size);--awb-caption-title-transform:var(--h2_typography-text-transform);--awb-caption-title-line-height:var(--h2_typography-line-height);--awb-caption-title-letter-spacing:var(--h2_typography-letter-spacing);\"><span class=\" fusion-imageframe imageframe-none imageframe-1 hover-type-none has-aspect-ratio\" style=\"border-radius:0px 0px 50px 0px;\"><img decoding=\"async\" width=\"1500\" height=\"859\" title=\"servicios-cenco-mercantil\" src=\"https:\/\/cenco.cat\/wp-content\/uploads\/2026\/01\/serveis-cenco-mercantil.jpg\" data-orig-src=\"https:\/\/cenco.cat\/wp-content\/uploads\/2026\/01\/serveis-cenco-mercantil.jpg\" class=\"lazyload img-responsive wp-image-3616 img-with-aspect-ratio\" data-parent-fit=\"cover\" data-parent-container=\".fusion-image-element\" alt srcset=\"data:image\/svg+xml,%3Csvg%20xmlns%3D%27http%3A%2F%2Fwww.w3.org%2F2000%2Fsvg%27%20width%3D%271500%27%20height%3D%27859%27%20viewBox%3D%270%200%201500%20859%27%3E%3Crect%20width%3D%271500%27%20height%3D%27859%27%20fill-opacity%3D%220%22%2F%3E%3C%2Fsvg%3E\" data-srcset=\"https:\/\/cenco.cat\/wp-content\/uploads\/2026\/01\/serveis-cenco-mercantil-200x115.jpg 200w, https:\/\/cenco.cat\/wp-content\/uploads\/2026\/01\/serveis-cenco-mercantil-400x229.jpg 400w, https:\/\/cenco.cat\/wp-content\/uploads\/2026\/01\/serveis-cenco-mercantil-600x344.jpg 600w, https:\/\/cenco.cat\/wp-content\/uploads\/2026\/01\/serveis-cenco-mercantil-800x458.jpg 800w, https:\/\/cenco.cat\/wp-content\/uploads\/2026\/01\/serveis-cenco-mercantil-1200x687.jpg 1200w, https:\/\/cenco.cat\/wp-content\/uploads\/2026\/01\/serveis-cenco-mercantil.jpg 1500w\" data-sizes=\"auto\" data-orig-sizes=\"(max-width: 720px) 100vw, 800px\" \/><\/span><\/div><\/div><\/div><div class=\"fusion-layout-column fusion_builder_column fusion-builder-column-2 fusion_builder_column_1_2 1_2 fusion-flex-column\" style=\"--awb-bg-size:cover;--awb-width-large:50%;--awb-margin-top-large:0px;--awb-spacing-right-large:3.84%;--awb-margin-bottom-large:0px;--awb-spacing-left-large:3.84%;--awb-width-medium:50%;--awb-order-medium:0;--awb-spacing-right-medium:3.84%;--awb-spacing-left-medium:3.84%;--awb-width-small:100%;--awb-order-small:0;--awb-spacing-right-small:1.92%;--awb-spacing-left-small:1.92%;\"><div class=\"fusion-column-wrapper fusion-column-has-shadow fusion-flex-justify-content-flex-start fusion-content-layout-column\"><i class=\"fb-icon-element-1 fb-icon-element fontawesome-icon fa-file-alt fas circle-yes fusion-text-flow\" style=\"--awb-circlecolor-hover:var(--awb-color5);--awb-circlebordercolor-hover:var(--awb-color8);--awb-circlebordersize:0px;--awb-font-size:39.6px;--awb-width:79.2px;--awb-height:79.2px;--awb-line-height:79.2px;--awb-margin-bottom:20px;\"><\/i><div class=\"fusion-title title fusion-title-3 fusion-sep-none fusion-title-text fusion-title-size-two\" style=\"--awb-margin-top:0px;--awb-margin-bottom:0px;--awb-margin-bottom-small:20px;--awb-font-size:25px;\"><h2 class=\"fusion-title-heading title-heading-left\" style=\"margin:0;font-size:1em;\">ASESORAMIENTO MERCANTIL<\/h2><\/div><div class=\"fusion-text fusion-text-1\" style=\"--awb-margin-top:0px;\"><ul>\n<li>Gesti\u00f3n del Impuesto de Transmisiones Patrimoniales y Actos Jur\u00eddicos Documentados.<\/li>\n<li>Elaboraci\u00f3n de estatutos sociales y adaptaci\u00f3n de los mismos.<\/li>\n<li>Constituci\u00f3n o legalizaci\u00f3n de Sociedades Mercantiles y Civiles.<\/li>\n<li>Transformaci\u00f3n, ampliaci\u00f3n, disoluci\u00f3n y liquidaci\u00f3n de sociedades.<\/li>\n<li>Transmisiones de acciones y participaciones.<\/li>\n<li>Contratos societarios (venta, opci\u00f3n, distribuci\u00f3n, agencia, franquicias, etc.)<\/li>\n<li>Contratos de arrendamiento, compraventa, etc. sobre locales de negocio y viviendas.<\/li>\n<li>Asistencia a los \u00f3rganos de representaci\u00f3n de sociedades<\/li>\n<li>Planificaci\u00f3n y reestructuraciones societarias.<\/li>\n<\/ul>\n<\/div><\/div><\/div><\/div><\/div><\/p>\n","protected":false},"excerpt":{"rendered":"","protected":false},"author":1,"featured_media":0,"parent":3630,"menu_order":0,"comment_status":"closed","ping_status":"closed","template":"100-width.php","meta":{"footnotes":""},"class_list":["post-3617","page","type-page","status-publish","hentry"],"yoast_head":"<!-- This site is optimized with the Yoast SEO plugin v26.8 - https:\/\/yoast.com\/product\/yoast-seo-wordpress\/ -->\n<title>Mercantil - Cenco<\/title>\n<meta name=\"robots\" content=\"index, follow, max-snippet:-1, max-image-preview:large, max-video-preview:-1\" \/>\n<link rel=\"canonical\" href=\"https:\/\/cenco.cat\/serveis\/mercantil\/\" \/>\n<meta property=\"og:locale\" content=\"es_ES\" \/>\n<meta property=\"og:type\" content=\"article\" \/>\n<meta property=\"og:title\" content=\"Mercantil - Cenco\" \/>\n<meta property=\"og:url\" content=\"https:\/\/cenco.cat\/serveis\/mercantil\/\" \/>\n<meta property=\"og:site_name\" content=\"Cenco\" \/>\n<meta property=\"article:modified_time\" content=\"2026-01-13T16:10:07+00:00\" \/>\n<meta name=\"twitter:card\" content=\"summary_large_image\" \/>\n<meta name=\"twitter:label1\" content=\"Tiempo de lectura\" \/>\n\t<meta name=\"twitter:data1\" content=\"9 minutos\" \/>\n<script type=\"application\/ld+json\" class=\"yoast-schema-graph\">{\"@context\":\"https:\/\/schema.org\",\"@graph\":[{\"@type\":\"WebPage\",\"@id\":\"https:\/\/cenco.cat\/serveis\/mercantil\/\",\"url\":\"https:\/\/cenco.cat\/serveis\/mercantil\/\",\"name\":\"Mercantil - Cenco\",\"isPartOf\":{\"@id\":\"https:\/\/cenco.cat\/#website\"},\"datePublished\":\"2026-01-08T12:28:11+00:00\",\"dateModified\":\"2026-01-13T16:10:07+00:00\",\"breadcrumb\":{\"@id\":\"https:\/\/cenco.cat\/serveis\/mercantil\/#breadcrumb\"},\"inLanguage\":\"es\",\"potentialAction\":[{\"@type\":\"ReadAction\",\"target\":[\"https:\/\/cenco.cat\/serveis\/mercantil\/\"]}]},{\"@type\":\"BreadcrumbList\",\"@id\":\"https:\/\/cenco.cat\/serveis\/mercantil\/#breadcrumb\",\"itemListElement\":[{\"@type\":\"ListItem\",\"position\":1,\"name\":\"Inici\",\"item\":\"https:\/\/cenco.cat\/es\/\"},{\"@type\":\"ListItem\",\"position\":2,\"name\":\"Servicios\",\"item\":\"https:\/\/cenco.cat\/es\/servicios\/\"},{\"@type\":\"ListItem\",\"position\":3,\"name\":\"Mercantil\"}]},{\"@type\":\"WebSite\",\"@id\":\"https:\/\/cenco.cat\/#website\",\"url\":\"https:\/\/cenco.cat\/\",\"name\":\"Cenco\",\"description\":\"Desde 1980, Cenco Assessorament Fiscal i Comptable, SL ens dediquem a oferir el millor servei als nostres clients de Balaguer i rodalies.\",\"potentialAction\":[{\"@type\":\"SearchAction\",\"target\":{\"@type\":\"EntryPoint\",\"urlTemplate\":\"https:\/\/cenco.cat\/?s={search_term_string}\"},\"query-input\":{\"@type\":\"PropertyValueSpecification\",\"valueRequired\":true,\"valueName\":\"search_term_string\"}}],\"inLanguage\":\"es\"}]}<\/script>\n<!-- \/ Yoast SEO plugin. -->","yoast_head_json":{"title":"Mercantil - Cenco","robots":{"index":"index","follow":"follow","max-snippet":"max-snippet:-1","max-image-preview":"max-image-preview:large","max-video-preview":"max-video-preview:-1"},"canonical":"https:\/\/cenco.cat\/serveis\/mercantil\/","og_locale":"es_ES","og_type":"article","og_title":"Mercantil - Cenco","og_url":"https:\/\/cenco.cat\/serveis\/mercantil\/","og_site_name":"Cenco","article_modified_time":"2026-01-13T16:10:07+00:00","twitter_card":"summary_large_image","twitter_misc":{"Tiempo de lectura":"9 minutos"},"schema":{"@context":"https:\/\/schema.org","@graph":[{"@type":"WebPage","@id":"https:\/\/cenco.cat\/serveis\/mercantil\/","url":"https:\/\/cenco.cat\/serveis\/mercantil\/","name":"Mercantil - Cenco","isPartOf":{"@id":"https:\/\/cenco.cat\/#website"},"datePublished":"2026-01-08T12:28:11+00:00","dateModified":"2026-01-13T16:10:07+00:00","breadcrumb":{"@id":"https:\/\/cenco.cat\/serveis\/mercantil\/#breadcrumb"},"inLanguage":"es","potentialAction":[{"@type":"ReadAction","target":["https:\/\/cenco.cat\/serveis\/mercantil\/"]}]},{"@type":"BreadcrumbList","@id":"https:\/\/cenco.cat\/serveis\/mercantil\/#breadcrumb","itemListElement":[{"@type":"ListItem","position":1,"name":"Inici","item":"https:\/\/cenco.cat\/es\/"},{"@type":"ListItem","position":2,"name":"Servicios","item":"https:\/\/cenco.cat\/es\/servicios\/"},{"@type":"ListItem","position":3,"name":"Mercantil"}]},{"@type":"WebSite","@id":"https:\/\/cenco.cat\/#website","url":"https:\/\/cenco.cat\/","name":"Cenco","description":"Desde 1980, Cenco Assessorament Fiscal i Comptable, SL ens dediquem a oferir el millor servei als nostres clients de Balaguer i rodalies.","potentialAction":[{"@type":"SearchAction","target":{"@type":"EntryPoint","urlTemplate":"https:\/\/cenco.cat\/?s={search_term_string}"},"query-input":{"@type":"PropertyValueSpecification","valueRequired":true,"valueName":"search_term_string"}}],"inLanguage":"es"}]}},"_links":{"self":[{"href":"https:\/\/cenco.cat\/es\/wp-json\/wp\/v2\/pages\/3617","targetHints":{"allow":["GET"]}}],"collection":[{"href":"https:\/\/cenco.cat\/es\/wp-json\/wp\/v2\/pages"}],"about":[{"href":"https:\/\/cenco.cat\/es\/wp-json\/wp\/v2\/types\/page"}],"author":[{"embeddable":true,"href":"https:\/\/cenco.cat\/es\/wp-json\/wp\/v2\/users\/1"}],"replies":[{"embeddable":true,"href":"https:\/\/cenco.cat\/es\/wp-json\/wp\/v2\/comments?post=3617"}],"version-history":[{"count":3,"href":"https:\/\/cenco.cat\/es\/wp-json\/wp\/v2\/pages\/3617\/revisions"}],"predecessor-version":[{"id":3620,"href":"https:\/\/cenco.cat\/es\/wp-json\/wp\/v2\/pages\/3617\/revisions\/3620"}],"up":[{"embeddable":true,"href":"https:\/\/cenco.cat\/es\/wp-json\/wp\/v2\/pages\/3630"}],"wp:attachment":[{"href":"https:\/\/cenco.cat\/es\/wp-json\/wp\/v2\/media?parent=3617"}],"curies":[{"name":"wp","href":"https:\/\/api.w.org\/{rel}","templated":true}]}}