{"id":3621,"date":"2026-01-08T13:40:21","date_gmt":"2026-01-08T12:40:21","guid":{"rendered":"https:\/\/www.cenco.cat\/laboral\/"},"modified":"2026-01-13T17:10:06","modified_gmt":"2026-01-13T16:10:06","slug":"laboral","status":"publish","type":"page","link":"https:\/\/cenco.cat\/es\/servicios\/laboral\/","title":{"rendered":"Laboral"},"content":{"rendered":"<p><div class=\"fusion-fullwidth fullwidth-box fusion-builder-row-1 fusion-flex-container has-pattern-background has-mask-background hundred-percent-fullwidth non-hundred-percent-height-scrolling\" style=\"--awb-border-radius-top-left:0px;--awb-border-radius-top-right:0px;--awb-border-radius-bottom-right:0px;--awb-border-radius-bottom-left:0px;--awb-flex-wrap:wrap;\" ><div class=\"fusion-builder-row fusion-row fusion-flex-align-items-center fusion-flex-justify-content-center fusion-flex-content-wrap\" style=\"width:104% !important;max-width:104% !important;margin-left: calc(-4% \/ 2 );margin-right: calc(-4% \/ 2 );\"><div class=\"fusion-layout-column fusion_builder_column fusion-builder-column-0 fusion_builder_column_1_1 1_1 fusion-flex-column fusion-flex-align-self-center\" style=\"--awb-padding-top:80px;--awb-padding-right:100px;--awb-padding-bottom:100px;--awb-padding-left:100px;--awb-padding-top-small:20px;--awb-padding-right-small:20px;--awb-padding-bottom-small:20px;--awb-padding-left-small:20px;--awb-overflow:hidden;--awb-bg-image:linear-gradient(180deg, var(--awb-color7) 0%,rgba(34,37,61,0.77) 100%);;--awb-bg-position:center center;--awb-bg-size:cover;--awb-border-radius:0px 0px 0px 50px;--awb-width-large:100%;--awb-margin-top-large:0px;--awb-spacing-right-large:80px;--awb-margin-bottom-large:0px;--awb-spacing-left-large:80px;--awb-width-medium:100%;--awb-order-medium:0;--awb-spacing-right-medium:80px;--awb-spacing-left-medium:80px;--awb-width-small:100%;--awb-order-small:0;--awb-spacing-right-small:1.92%;--awb-spacing-left-small:1.92%;\"><div class=\"fusion-column-wrapper lazyload fusion-column-has-shadow fusion-flex-justify-content-center fusion-content-layout-column fusion-column-has-bg-image\" data-bg-url=\"https:\/\/www.cenco.cat\/wp-content\/uploads\/2026\/01\/serveis-cenco-laboral.jpg\" data-bg=\"https:\/\/www.cenco.cat\/wp-content\/uploads\/2026\/01\/serveis-cenco-laboral.jpg\" data-bg-gradient=\"linear-gradient(180deg, var(--awb-color7) 0%,rgba(34,37,61,0.77) 100%)\"><div class=\"fusion-title title fusion-title-1 fusion-sep-none fusion-title-center fusion-title-text fusion-title-size-one\" style=\"--awb-text-color:var(--awb-color1);--awb-margin-top:0px;--awb-margin-bottom:30px;--awb-margin-top-small:0px;--awb-margin-bottom-medium:20px;\"><h1 class=\"fusion-title-heading title-heading-center\" style=\"margin:0;\">Laboral<\/h1><\/div><div class=\"fusion-title title fusion-title-2 fusion-sep-none fusion-title-center fusion-title-text fusion-title-size-paragraph\" style=\"--awb-text-color:var(--awb-color1);--awb-margin-bottom-small:20px;--awb-font-size:20px;\"><p class=\"fusion-title-heading title-heading-center title-heading-tag\" style=\"font-family:var(--awb-typography2-font-family);font-weight:var(--awb-typography2-font-weight);font-style:var(--awb-typography2-font-style);margin:0;text-transform:none;font-size:1em;\">Somos expertos en la Consultor\u00eda y asesoramiento laboral para Aut\u00f3nomos y Empresas. <br \/>Damos soluci\u00f3n a cualquier duda que se pueda plantear en un tiempo r\u00e9cord: n\u00f3minas, contratos y recursos humanos.<\/p><\/div><\/div><\/div><\/div><\/div><div class=\"fusion-fullwidth fullwidth-box fusion-builder-row-2 fusion-flex-container has-pattern-background has-mask-background nonhundred-percent-fullwidth non-hundred-percent-height-scrolling\" style=\"--awb-border-radius-top-left:0px;--awb-border-radius-top-right:0px;--awb-border-radius-bottom-right:0px;--awb-border-radius-bottom-left:0px;--awb-padding-top:0px;--awb-padding-bottom:0px;--awb-margin-top:60px;--awb-margin-bottom:61px;--awb-flex-wrap:wrap;\" ><div class=\"fusion-builder-row fusion-row fusion-flex-align-items-flex-start fusion-flex-content-wrap\" style=\"max-width:1372.8px;margin-left: calc(-4% \/ 2 );margin-right: calc(-4% \/ 2 );\"><div class=\"fusion-layout-column fusion_builder_column fusion-builder-column-1 fusion_builder_column_1_2 1_2 fusion-flex-column\" style=\"--awb-bg-size:cover;--awb-width-large:50%;--awb-margin-top-large:0px;--awb-spacing-right-large:3.84%;--awb-margin-bottom-large:20px;--awb-spacing-left-large:3.84%;--awb-width-medium:50%;--awb-order-medium:0;--awb-spacing-right-medium:3.84%;--awb-spacing-left-medium:3.84%;--awb-width-small:100%;--awb-order-small:0;--awb-spacing-right-small:1.92%;--awb-spacing-left-small:1.92%;\"><div class=\"fusion-column-wrapper fusion-column-has-shadow fusion-flex-justify-content-flex-start fusion-content-layout-column\"><i class=\"fb-icon-element-1 fb-icon-element fontawesome-icon fa-file-import fas circle-yes fusion-text-flow\" style=\"--awb-circlecolor-hover:var(--awb-color5);--awb-circlebordercolor-hover:var(--awb-color8);--awb-circlebordersize:0px;--awb-font-size:39.6px;--awb-width:79.2px;--awb-height:79.2px;--awb-line-height:79.2px;--awb-margin-bottom:20px;\"><\/i><div class=\"fusion-title title fusion-title-3 fusion-sep-none fusion-title-text fusion-title-size-two\" style=\"--awb-margin-top:0px;--awb-margin-bottom:0px;--awb-margin-bottom-small:20px;--awb-font-size:25px;\"><h2 class=\"fusion-title-heading title-heading-left\" style=\"margin:0;font-size:1em;\">SEGURIDAD SOCIAL<\/h2><\/div><div class=\"fusion-text fusion-text-1\" style=\"--awb-margin-top:0px;\"><ul>\n<li>Altas y bajas en la Seguridad Social<\/li>\n<li>Inscripci\u00f3n de la empresa en el sistema de la Seguridad Social.<\/li>\n<li>Confecci\u00f3n de boletines de cotizaci\u00f3n a la Seguridad Social, remisi\u00f3n electr\u00f3nica de la relaci\u00f3n nominal de trabajadores.<\/li>\n<li>Env\u00edo de ficheros CRA.<\/li>\n<li>Aplazamiento de cuotas v\u00eda ordinaria y ejecutiva.<\/li>\n<li>Tramitaci\u00f3n ante el Instituto Nacional de la Seguridad Social o Mutua, comunicaci\u00f3n de baja, alta y confirmaci\u00f3n de enfermedad.<\/li>\n<li>Comunicaci\u00f3n de accidentes de trabajo mediante el sistema CoNTA.<\/li>\n<li>Consultas e informes de la empresa y de sus trabajadores, as\u00ed como certificaciones de la misma.<\/li>\n<li>Tramitaci\u00f3n del pago directo de Incapacidad Temporal de aut\u00f3nomos, Trabajadores Agrarios por cuenta ajena, Sistema especial trabajadores del hogar.<\/li>\n<li>Confecci\u00f3n de recibos de salarios, pagas extraordinarias, atrasos, n\u00f3minas administradores, indemnizaciones, liquidaciones y finiquitos.<\/li>\n<li>Estudio de costes por trabajador.<\/li>\n<li>Informes y res\u00famenes de plantilla.<\/li>\n<li>Confecci\u00f3n de liquidaciones de IRPF para trabajadores y profesionales, as\u00ed como el certificado de retenciones.<\/li>\n<\/ul>\n<\/div><\/div><\/div><div class=\"fusion-layout-column fusion_builder_column fusion-builder-column-2 fusion_builder_column_1_4 1_4 fusion-flex-column\" style=\"--awb-bg-size:cover;--awb-width-large:25%;--awb-margin-top-large:0px;--awb-spacing-right-large:7.68%;--awb-margin-bottom-large:20px;--awb-spacing-left-large:7.68%;--awb-width-medium:25%;--awb-order-medium:0;--awb-spacing-right-medium:7.68%;--awb-spacing-left-medium:7.68%;--awb-width-small:100%;--awb-order-small:0;--awb-spacing-right-small:1.92%;--awb-spacing-left-small:1.92%;\"><div class=\"fusion-column-wrapper fusion-column-has-shadow fusion-flex-justify-content-flex-start fusion-content-layout-column\"><i class=\"fb-icon-element-2 fb-icon-element fontawesome-icon fa-file-signature fas circle-yes fusion-text-flow\" style=\"--awb-circlecolor-hover:var(--awb-color5);--awb-circlebordercolor-hover:var(--awb-color8);--awb-circlebordersize:0px;--awb-font-size:39.6px;--awb-width:79.2px;--awb-height:79.2px;--awb-line-height:79.2px;--awb-margin-bottom:20px;\"><\/i><div class=\"fusion-title title fusion-title-4 fusion-sep-none fusion-title-text fusion-title-size-two\" style=\"--awb-margin-top:0px;--awb-margin-bottom:0px;--awb-margin-bottom-small:20px;--awb-font-size:25px;\"><h2 class=\"fusion-title-heading title-heading-left\" style=\"margin:0;font-size:1em;\">CONTRATOS<\/h2><\/div><div class=\"fusion-text fusion-text-2\" style=\"--awb-margin-top:0px;\"><ul>\n<li>Apertura de establecimiento.<\/li>\n<li>Hojas de reclamaci\u00f3n.<\/li>\n<li>Autorizaciones sanitarias.<\/li>\n<li>Estudio previo a la contrataci\u00f3n de trabajadores, bonificaciones y subvenciones.<\/li>\n<li>Confecci\u00f3n y tramitaci\u00f3n de contratos, pr\u00f3rrogas, variaciones y ofertas de trabajo.<\/li>\n<li>Redacci\u00f3n y tramitaci\u00f3n de contratos para Trabajadores aut\u00f3nomos dependientes (TRADE).<\/li>\n<\/ul>\n<\/div><\/div><\/div><div class=\"fusion-layout-column fusion_builder_column fusion-builder-column-3 fusion_builder_column_1_4 1_4 fusion-flex-column\" style=\"--awb-bg-size:cover;--awb-width-large:25%;--awb-margin-top-large:0px;--awb-spacing-right-large:7.68%;--awb-margin-bottom-large:20px;--awb-spacing-left-large:7.68%;--awb-width-medium:25%;--awb-order-medium:0;--awb-spacing-right-medium:7.68%;--awb-spacing-left-medium:7.68%;--awb-width-small:100%;--awb-order-small:0;--awb-spacing-right-small:1.92%;--awb-spacing-left-small:1.92%;\"><div class=\"fusion-column-wrapper fusion-column-has-shadow fusion-flex-justify-content-flex-start fusion-content-layout-column\"><i class=\"fb-icon-element-3 fb-icon-element fontawesome-icon fa-folder fas circle-yes fusion-text-flow\" style=\"--awb-circlecolor-hover:var(--awb-color5);--awb-circlebordercolor-hover:var(--awb-color8);--awb-circlebordersize:0px;--awb-font-size:39.6px;--awb-width:79.2px;--awb-height:79.2px;--awb-line-height:79.2px;--awb-margin-bottom:20px;\"><\/i><div class=\"fusion-title title fusion-title-5 fusion-sep-none fusion-title-text fusion-title-size-two\" style=\"--awb-margin-top:0px;--awb-margin-bottom:0px;--awb-margin-bottom-small:20px;--awb-font-size:25px;\"><h2 class=\"fusion-title-heading title-heading-left\" style=\"margin:0;font-size:1em;\">OTRAS PRESTACIONES<\/h2><\/div><div class=\"fusion-text fusion-text-3\" style=\"--awb-margin-top:0px;\"><ul>\n<li>Tramitaci\u00f3n de subvenciones en materia laboral<\/li>\n<li>Actuaci\u00f3n ante el SMAC.<\/li>\n<li>Actuaci\u00f3n en nombre de la empresa ante Tesorer\u00eda, el INSS e Inspecci\u00f3n de Trabajo.<\/li>\n<li>Estudio y tramitaci\u00f3n de prestaciones de jubilaci\u00f3n, invalidez, maternidad, paternidad y otras prestaciones ante el INSS.<\/li>\n<\/ul>\n<\/div><\/div><\/div><\/div><\/div><\/p>\n","protected":false},"excerpt":{"rendered":"","protected":false},"author":1,"featured_media":0,"parent":3630,"menu_order":0,"comment_status":"closed","ping_status":"closed","template":"100-width.php","meta":{"footnotes":""},"class_list":["post-3621","page","type-page","status-publish","hentry"],"yoast_head":"<!-- This site is optimized with the Yoast SEO plugin v26.8 - https:\/\/yoast.com\/product\/yoast-seo-wordpress\/ -->\n<title>Laboral - Cenco<\/title>\n<meta name=\"robots\" content=\"index, follow, max-snippet:-1, max-image-preview:large, max-video-preview:-1\" \/>\n<link rel=\"canonical\" href=\"https:\/\/cenco.cat\/serveis\/laboral\/\" \/>\n<meta property=\"og:locale\" content=\"es_ES\" \/>\n<meta property=\"og:type\" content=\"article\" \/>\n<meta property=\"og:title\" content=\"Laboral - Cenco\" \/>\n<meta property=\"og:url\" content=\"https:\/\/cenco.cat\/serveis\/laboral\/\" \/>\n<meta property=\"og:site_name\" content=\"Cenco\" \/>\n<meta property=\"article:modified_time\" content=\"2026-01-13T16:10:06+00:00\" \/>\n<meta name=\"twitter:card\" content=\"summary_large_image\" \/>\n<meta name=\"twitter:label1\" content=\"Tiempo de lectura\" \/>\n\t<meta name=\"twitter:data1\" content=\"13 minutos\" \/>\n<script type=\"application\/ld+json\" class=\"yoast-schema-graph\">{\"@context\":\"https:\/\/schema.org\",\"@graph\":[{\"@type\":\"WebPage\",\"@id\":\"https:\/\/cenco.cat\/serveis\/laboral\/\",\"url\":\"https:\/\/cenco.cat\/serveis\/laboral\/\",\"name\":\"Laboral - Cenco\",\"isPartOf\":{\"@id\":\"https:\/\/cenco.cat\/#website\"},\"datePublished\":\"2026-01-08T12:40:21+00:00\",\"dateModified\":\"2026-01-13T16:10:06+00:00\",\"breadcrumb\":{\"@id\":\"https:\/\/cenco.cat\/serveis\/laboral\/#breadcrumb\"},\"inLanguage\":\"es\",\"potentialAction\":[{\"@type\":\"ReadAction\",\"target\":[\"https:\/\/cenco.cat\/serveis\/laboral\/\"]}]},{\"@type\":\"BreadcrumbList\",\"@id\":\"https:\/\/cenco.cat\/serveis\/laboral\/#breadcrumb\",\"itemListElement\":[{\"@type\":\"ListItem\",\"position\":1,\"name\":\"Inici\",\"item\":\"https:\/\/cenco.cat\/es\/\"},{\"@type\":\"ListItem\",\"position\":2,\"name\":\"Servicios\",\"item\":\"https:\/\/cenco.cat\/es\/servicios\/\"},{\"@type\":\"ListItem\",\"position\":3,\"name\":\"Laboral\"}]},{\"@type\":\"WebSite\",\"@id\":\"https:\/\/cenco.cat\/#website\",\"url\":\"https:\/\/cenco.cat\/\",\"name\":\"Cenco\",\"description\":\"Desde 1980, Cenco Assessorament Fiscal i Comptable, SL ens dediquem a oferir el millor servei als nostres clients de Balaguer i rodalies.\",\"potentialAction\":[{\"@type\":\"SearchAction\",\"target\":{\"@type\":\"EntryPoint\",\"urlTemplate\":\"https:\/\/cenco.cat\/?s={search_term_string}\"},\"query-input\":{\"@type\":\"PropertyValueSpecification\",\"valueRequired\":true,\"valueName\":\"search_term_string\"}}],\"inLanguage\":\"es\"}]}<\/script>\n<!-- \/ Yoast SEO plugin. -->","yoast_head_json":{"title":"Laboral - Cenco","robots":{"index":"index","follow":"follow","max-snippet":"max-snippet:-1","max-image-preview":"max-image-preview:large","max-video-preview":"max-video-preview:-1"},"canonical":"https:\/\/cenco.cat\/serveis\/laboral\/","og_locale":"es_ES","og_type":"article","og_title":"Laboral - Cenco","og_url":"https:\/\/cenco.cat\/serveis\/laboral\/","og_site_name":"Cenco","article_modified_time":"2026-01-13T16:10:06+00:00","twitter_card":"summary_large_image","twitter_misc":{"Tiempo de lectura":"13 minutos"},"schema":{"@context":"https:\/\/schema.org","@graph":[{"@type":"WebPage","@id":"https:\/\/cenco.cat\/serveis\/laboral\/","url":"https:\/\/cenco.cat\/serveis\/laboral\/","name":"Laboral - Cenco","isPartOf":{"@id":"https:\/\/cenco.cat\/#website"},"datePublished":"2026-01-08T12:40:21+00:00","dateModified":"2026-01-13T16:10:06+00:00","breadcrumb":{"@id":"https:\/\/cenco.cat\/serveis\/laboral\/#breadcrumb"},"inLanguage":"es","potentialAction":[{"@type":"ReadAction","target":["https:\/\/cenco.cat\/serveis\/laboral\/"]}]},{"@type":"BreadcrumbList","@id":"https:\/\/cenco.cat\/serveis\/laboral\/#breadcrumb","itemListElement":[{"@type":"ListItem","position":1,"name":"Inici","item":"https:\/\/cenco.cat\/es\/"},{"@type":"ListItem","position":2,"name":"Servicios","item":"https:\/\/cenco.cat\/es\/servicios\/"},{"@type":"ListItem","position":3,"name":"Laboral"}]},{"@type":"WebSite","@id":"https:\/\/cenco.cat\/#website","url":"https:\/\/cenco.cat\/","name":"Cenco","description":"Desde 1980, Cenco Assessorament Fiscal i Comptable, SL ens dediquem a oferir el millor servei als nostres clients de Balaguer i rodalies.","potentialAction":[{"@type":"SearchAction","target":{"@type":"EntryPoint","urlTemplate":"https:\/\/cenco.cat\/?s={search_term_string}"},"query-input":{"@type":"PropertyValueSpecification","valueRequired":true,"valueName":"search_term_string"}}],"inLanguage":"es"}]}},"_links":{"self":[{"href":"https:\/\/cenco.cat\/es\/wp-json\/wp\/v2\/pages\/3621","targetHints":{"allow":["GET"]}}],"collection":[{"href":"https:\/\/cenco.cat\/es\/wp-json\/wp\/v2\/pages"}],"about":[{"href":"https:\/\/cenco.cat\/es\/wp-json\/wp\/v2\/types\/page"}],"author":[{"embeddable":true,"href":"https:\/\/cenco.cat\/es\/wp-json\/wp\/v2\/users\/1"}],"replies":[{"embeddable":true,"href":"https:\/\/cenco.cat\/es\/wp-json\/wp\/v2\/comments?post=3621"}],"version-history":[{"count":2,"href":"https:\/\/cenco.cat\/es\/wp-json\/wp\/v2\/pages\/3621\/revisions"}],"predecessor-version":[{"id":3623,"href":"https:\/\/cenco.cat\/es\/wp-json\/wp\/v2\/pages\/3621\/revisions\/3623"}],"up":[{"embeddable":true,"href":"https:\/\/cenco.cat\/es\/wp-json\/wp\/v2\/pages\/3630"}],"wp:attachment":[{"href":"https:\/\/cenco.cat\/es\/wp-json\/wp\/v2\/media?parent=3621"}],"curies":[{"name":"wp","href":"https:\/\/api.w.org\/{rel}","templated":true}]}}