{"id":3627,"date":"2023-11-20T17:46:07","date_gmt":"2023-11-20T16:46:07","guid":{"rendered":"https:\/\/www.cenco.cat\/fiscal\/"},"modified":"2026-01-20T16:02:34","modified_gmt":"2026-01-20T15:02:34","slug":"fiscal","status":"publish","type":"page","link":"https:\/\/cenco.cat\/es\/servicios\/fiscal\/","title":{"rendered":"Fiscal"},"content":{"rendered":"<p><div class=\"fusion-fullwidth fullwidth-box fusion-builder-row-1 fusion-flex-container has-pattern-background has-mask-background hundred-percent-fullwidth non-hundred-percent-height-scrolling\" style=\"--awb-border-radius-top-left:0px;--awb-border-radius-top-right:0px;--awb-border-radius-bottom-right:0px;--awb-border-radius-bottom-left:0px;--awb-flex-wrap:wrap;\" ><div class=\"fusion-builder-row fusion-row fusion-flex-align-items-center fusion-flex-justify-content-center fusion-flex-content-wrap\" style=\"width:104% !important;max-width:104% !important;margin-left: calc(-4% \/ 2 );margin-right: calc(-4% \/ 2 );\"><div class=\"fusion-layout-column fusion_builder_column fusion-builder-column-0 fusion_builder_column_1_1 1_1 fusion-flex-column fusion-flex-align-self-center\" style=\"--awb-padding-top:80px;--awb-padding-right:100px;--awb-padding-bottom:100px;--awb-padding-left:100px;--awb-padding-top-small:20px;--awb-padding-right-small:20px;--awb-padding-bottom-small:20px;--awb-padding-left-small:20px;--awb-overflow:hidden;--awb-bg-image:linear-gradient(180deg, var(--awb-color7) 0%,rgba(34,37,61,0.77) 100%);;--awb-bg-position:center center;--awb-bg-size:cover;--awb-border-radius:0px 0px 0px 50px;--awb-width-large:100%;--awb-margin-top-large:0px;--awb-spacing-right-large:80px;--awb-margin-bottom-large:0px;--awb-spacing-left-large:80px;--awb-width-medium:100%;--awb-order-medium:0;--awb-spacing-right-medium:80px;--awb-spacing-left-medium:80px;--awb-width-small:100%;--awb-order-small:0;--awb-spacing-right-small:1.92%;--awb-spacing-left-small:1.92%;\"><div class=\"fusion-column-wrapper lazyload fusion-column-has-shadow fusion-flex-justify-content-center fusion-content-layout-column fusion-column-has-bg-image\" data-bg-url=\"https:\/\/www.cenco.cat\/wp-content\/uploads\/2026\/01\/serveis-cenco-fiscal.jpg\" data-bg=\"https:\/\/www.cenco.cat\/wp-content\/uploads\/2026\/01\/serveis-cenco-fiscal.jpg\" data-bg-gradient=\"linear-gradient(180deg, var(--awb-color7) 0%,rgba(34,37,61,0.77) 100%)\"><div class=\"fusion-title title fusion-title-1 fusion-sep-none fusion-title-center fusion-title-text fusion-title-size-one\" style=\"--awb-text-color:var(--awb-color1);--awb-margin-top:0px;--awb-margin-bottom:30px;--awb-margin-top-small:0px;--awb-margin-bottom-medium:20px;\"><h1 class=\"fusion-title-heading title-heading-center\" style=\"margin:0;\">Fiscal<\/h1><\/div><div class=\"fusion-title title fusion-title-2 fusion-sep-none fusion-title-center fusion-title-text fusion-title-size-paragraph\" style=\"--awb-text-color:var(--awb-color1);--awb-margin-right:50px;--awb-margin-left:50px;--awb-margin-bottom-small:20px;--awb-font-size:20px;\"><p class=\"fusion-title-heading title-heading-center title-heading-tag\" style=\"font-family:var(--awb-typography2-font-family);font-weight:var(--awb-typography2-font-weight);font-style:var(--awb-typography2-font-style);margin:0;text-transform:none;font-size:1em;\">Planificamos y supervisamos de manera rigurosa y personalizada tus impuestos para que no te lleves sorpresas, y estamos siempre a tu disposici\u00f3n para resolver todas tus dudas.<\/p><\/div><\/div><\/div><\/div><\/div><div class=\"fusion-fullwidth fullwidth-box fusion-builder-row-2 fusion-flex-container has-pattern-background has-mask-background nonhundred-percent-fullwidth non-hundred-percent-height-scrolling\" style=\"--awb-border-radius-top-left:0px;--awb-border-radius-top-right:0px;--awb-border-radius-bottom-right:0px;--awb-border-radius-bottom-left:0px;--awb-padding-top:0px;--awb-margin-top:60px;--awb-flex-wrap:wrap;\" ><div class=\"fusion-builder-row fusion-row fusion-flex-align-items-flex-start fusion-flex-content-wrap\" style=\"max-width:1372.8px;margin-left: calc(-4% \/ 2 );margin-right: calc(-4% \/ 2 );\"><div class=\"fusion-layout-column fusion_builder_column fusion-builder-column-1 fusion_builder_column_1_2 1_2 fusion-flex-column\" style=\"--awb-bg-size:cover;--awb-width-large:50%;--awb-margin-top-large:0px;--awb-spacing-right-large:3.84%;--awb-margin-bottom-large:20px;--awb-spacing-left-large:3.84%;--awb-width-medium:50%;--awb-order-medium:0;--awb-spacing-right-medium:3.84%;--awb-spacing-left-medium:3.84%;--awb-width-small:100%;--awb-order-small:0;--awb-spacing-right-small:1.92%;--awb-spacing-left-small:1.92%;\"><div class=\"fusion-column-wrapper fusion-column-has-shadow fusion-flex-justify-content-flex-start fusion-content-layout-column\"><i class=\"fb-icon-element-1 fb-icon-element fontawesome-icon fa-file-invoice-dollar fas circle-yes fusion-text-flow\" style=\"--awb-circlecolor-hover:var(--awb-color5);--awb-circlebordercolor-hover:var(--awb-color8);--awb-circlebordersize:0px;--awb-font-size:39.6px;--awb-width:79.2px;--awb-height:79.2px;--awb-line-height:79.2px;--awb-margin-bottom:20px;\"><\/i><div class=\"fusion-title title fusion-title-3 fusion-sep-none fusion-title-text fusion-title-size-two\" style=\"--awb-margin-top:0px;--awb-margin-bottom:0px;--awb-margin-bottom-small:20px;--awb-font-size:25px;\"><h2 class=\"fusion-title-heading title-heading-left\" style=\"margin:0;font-size:1em;\">ASESORAMIENTO FISCAL<\/h2><\/div><div class=\"fusion-text fusion-text-1\" style=\"--awb-margin-top:0px;\"><ul>\n<li>Altas y bajas de obligaciones tributarias de personas f\u00edsicas o de sociedades.<\/li>\n<li>Altas, bajas y variaciones de la actividad econ\u00f3mica en su correspondiente IAE.<\/li>\n<li>Asesoramiento fiscal.<\/li>\n<\/ul>\n<\/div><\/div><\/div><div class=\"fusion-layout-column fusion_builder_column fusion-builder-column-2 fusion_builder_column_1_2 1_2 fusion-flex-column\" style=\"--awb-bg-size:cover;--awb-width-large:50%;--awb-margin-top-large:0px;--awb-spacing-right-large:3.84%;--awb-margin-bottom-large:20px;--awb-spacing-left-large:3.84%;--awb-width-medium:50%;--awb-order-medium:0;--awb-spacing-right-medium:3.84%;--awb-spacing-left-medium:3.84%;--awb-width-small:100%;--awb-order-small:0;--awb-spacing-right-small:1.92%;--awb-spacing-left-small:1.92%;\"><div class=\"fusion-column-wrapper fusion-column-has-shadow fusion-flex-justify-content-flex-start fusion-content-layout-column\"><i class=\"fb-icon-element-2 fb-icon-element fontawesome-icon fa-file-invoice-dollar fas circle-yes fusion-text-flow\" style=\"--awb-circlecolor-hover:var(--awb-color5);--awb-circlebordercolor-hover:var(--awb-color8);--awb-circlebordersize:0px;--awb-font-size:39.6px;--awb-width:79.2px;--awb-height:79.2px;--awb-line-height:79.2px;--awb-margin-bottom:20px;\"><\/i><div class=\"fusion-title title fusion-title-4 fusion-sep-none fusion-title-text fusion-title-size-two\" style=\"--awb-margin-top:0px;--awb-margin-bottom:0px;--awb-margin-bottom-small:20px;--awb-font-size:25px;\"><h2 class=\"fusion-title-heading title-heading-left\" style=\"margin:0;font-size:1em;\">CONTABILIDAD Y PLANIFICACI\u00d3N FISCAL DE LA EMPRESA<\/h2><\/div><div class=\"fusion-text fusion-text-2\" style=\"--awb-margin-top:0px;\"><ul>\n<li>Plan General Contable.<\/li>\n<li>Estimaci\u00f3n objetiva (signos, \u00edndices o m\u00f3dulos).<\/li>\n<li>Estimaci\u00f3n directa para empresas y profesionales.<\/li>\n<\/ul>\n<\/div><\/div><\/div><\/div><\/div><div class=\"fusion-fullwidth fullwidth-box fusion-builder-row-3 fusion-flex-container has-pattern-background has-mask-background nonhundred-percent-fullwidth non-hundred-percent-height-scrolling\" style=\"--awb-border-radius-top-left:0px;--awb-border-radius-top-right:0px;--awb-border-radius-bottom-right:0px;--awb-border-radius-bottom-left:0px;--awb-padding-top:0px;--awb-padding-top-small:0px;--awb-margin-top:60px;--awb-margin-bottom:50px;--awb-margin-top-small:0px;--awb-flex-wrap:wrap;\" ><div class=\"fusion-builder-row fusion-row fusion-flex-align-items-flex-start fusion-flex-content-wrap\" style=\"max-width:1372.8px;margin-left: calc(-4% \/ 2 );margin-right: calc(-4% \/ 2 );\"><div class=\"fusion-layout-column fusion_builder_column fusion-builder-column-3 fusion_builder_column_1_2 1_2 fusion-flex-column\" style=\"--awb-bg-size:cover;--awb-width-large:50%;--awb-margin-top-large:0px;--awb-spacing-right-large:3.84%;--awb-margin-bottom-large:20px;--awb-spacing-left-large:3.84%;--awb-width-medium:50%;--awb-order-medium:0;--awb-spacing-right-medium:3.84%;--awb-spacing-left-medium:3.84%;--awb-width-small:100%;--awb-order-small:0;--awb-spacing-right-small:1.92%;--awb-spacing-left-small:1.92%;\"><div class=\"fusion-column-wrapper fusion-column-has-shadow fusion-flex-justify-content-flex-start fusion-content-layout-column\"><i class=\"fb-icon-element-3 fb-icon-element fontawesome-icon fa-calculator fas circle-yes fusion-text-flow\" style=\"--awb-circlecolor-hover:var(--awb-color5);--awb-circlebordercolor-hover:var(--awb-color8);--awb-circlebordersize:0px;--awb-font-size:39.6px;--awb-width:79.2px;--awb-height:79.2px;--awb-line-height:79.2px;--awb-margin-bottom:20px;\"><\/i><div class=\"fusion-title title fusion-title-5 fusion-sep-none fusion-title-text fusion-title-size-two\" style=\"--awb-margin-top:0px;--awb-margin-bottom:0px;--awb-margin-bottom-small:20px;--awb-font-size:25px;\"><h2 class=\"fusion-title-heading title-heading-left\" style=\"margin:0;font-size:1em;\">CONFECCI\u00d3N DE IMPUESTOS<\/h2><\/div><div class=\"fusion-text fusion-text-3\" style=\"--awb-margin-top:0px;\"><ul>\n<li>Impuesto sobre el valor a\u00f1adido (IVA).<\/li>\n<li>Declaraci\u00f3n anual de operaciones con terceros de m\u00e1s de 3.000 \u20ac.<\/li>\n<li>Declaraci\u00f3n recapitulativa de operaciones intracomunitarias.<\/li>\n<li>Declaraci\u00f3n estad\u00edstica del comercio intracomunitario (INTRASTAT).<\/li>\n<li>Retenciones de arrendamientos de locales (IRPF).<\/li>\n<li>Retenciones de profesionales (IRPF).<\/li>\n<li>Declaraciones de renta y patrimonio.<\/li>\n<li>Impuesto sobre sociedades y pagos a cuenta.<\/li>\n<\/ul>\n<\/div><\/div><\/div><div class=\"fusion-layout-column fusion_builder_column fusion-builder-column-4 fusion_builder_column_1_2 1_2 fusion-flex-column\" style=\"--awb-bg-size:cover;--awb-width-large:50%;--awb-margin-top-large:0px;--awb-spacing-right-large:3.84%;--awb-margin-bottom-large:20px;--awb-spacing-left-large:3.84%;--awb-width-medium:50%;--awb-order-medium:0;--awb-spacing-right-medium:3.84%;--awb-spacing-left-medium:3.84%;--awb-width-small:100%;--awb-order-small:0;--awb-spacing-right-small:1.92%;--awb-spacing-left-small:1.92%;\"><div class=\"fusion-column-wrapper fusion-column-has-shadow fusion-flex-justify-content-flex-start fusion-content-layout-column\"><i class=\"fb-icon-element-4 fb-icon-element fontawesome-icon fa-desktop fas circle-yes fusion-text-flow\" style=\"--awb-circlecolor-hover:var(--awb-color5);--awb-circlebordercolor-hover:var(--awb-color8);--awb-circlebordersize:0px;--awb-font-size:39.6px;--awb-width:79.2px;--awb-height:79.2px;--awb-line-height:79.2px;--awb-margin-bottom:20px;\"><\/i><div class=\"fusion-title title fusion-title-6 fusion-sep-none fusion-title-text fusion-title-size-two\" style=\"--awb-margin-top:0px;--awb-margin-bottom:0px;--awb-margin-bottom-small:20px;--awb-font-size:25px;\"><h2 class=\"fusion-title-heading title-heading-left\" style=\"margin:0;font-size:1em;\">OTROS SERVICIOS<\/h2><\/div><div class=\"fusion-text fusion-text-4\" style=\"--awb-margin-top:0px;\"><ul>\n<li>Solicitud de aplazamientos y atenci\u00f3n de requerimientos.<\/li>\n<li>Asistencia y representaci\u00f3n de la empresa ante la Administraci\u00f3n y los \u00d3rganos de Inspecci\u00f3n de Hacienda.<\/li>\n<li>Recursos ante la Administraci\u00f3n Tributaria (estatal, auton\u00f3mica o local) y ante el Tribunal Econ\u00f3mico-Administrativo.<\/li>\n<li>Beneficios y exenciones fiscales.<\/li>\n<li>Emisi\u00f3n de informes fiscales ante una decisi\u00f3n o hecho econ\u00f3mico. puntual con estudio de alternativas sobre posibles repercusiones.<\/li>\n<li>Obtenci\u00f3n de certificados tributarios (contratistas, al corriente de pago).<\/li>\n<li>Vigilancia de las notificaciones de Hacienda y Seguridad Social.<\/li>\n<\/ul>\n<\/div><\/div><\/div><\/div><\/div><\/p>\n","protected":false},"excerpt":{"rendered":"","protected":false},"author":1,"featured_media":0,"parent":3630,"menu_order":0,"comment_status":"closed","ping_status":"closed","template":"100-width.php","meta":{"footnotes":""},"class_list":["post-3627","page","type-page","status-publish","hentry"],"yoast_head":"<!-- This site is optimized with the Yoast SEO plugin v26.8 - https:\/\/yoast.com\/product\/yoast-seo-wordpress\/ -->\n<title>Fiscal - Cenco<\/title>\n<meta name=\"description\" content=\"En Cenco te ayudamos con la contabilidad y planificaci\u00f3n fiscal de tu empresa, entre otros servicios fiscales.\" \/>\n<meta name=\"robots\" content=\"index, follow, max-snippet:-1, max-image-preview:large, max-video-preview:-1\" \/>\n<link rel=\"canonical\" href=\"https:\/\/cenco.cat\/es\/servicios\/fiscal\/\" \/>\n<meta property=\"og:locale\" content=\"es_ES\" \/>\n<meta property=\"og:type\" content=\"article\" \/>\n<meta property=\"og:title\" content=\"Fiscal - Cenco\" \/>\n<meta property=\"og:description\" content=\"En Cenco te ayudamos con la contabilidad y planificaci\u00f3n fiscal de tu empresa, entre otros servicios fiscales.\" \/>\n<meta property=\"og:url\" content=\"https:\/\/cenco.cat\/es\/servicios\/fiscal\/\" \/>\n<meta property=\"og:site_name\" content=\"Cenco\" \/>\n<meta property=\"article:modified_time\" content=\"2026-01-20T15:02:34+00:00\" \/>\n<meta name=\"twitter:card\" content=\"summary_large_image\" \/>\n<meta name=\"twitter:label1\" content=\"Tiempo de lectura\" \/>\n\t<meta name=\"twitter:data1\" content=\"2 minutos\" \/>\n<script type=\"application\/ld+json\" class=\"yoast-schema-graph\">{\"@context\":\"https:\/\/schema.org\",\"@graph\":[{\"@type\":\"WebPage\",\"@id\":\"https:\/\/cenco.cat\/es\/servicios\/fiscal\/\",\"url\":\"https:\/\/cenco.cat\/es\/servicios\/fiscal\/\",\"name\":\"Fiscal - Cenco\",\"isPartOf\":{\"@id\":\"https:\/\/cenco.cat\/#website\"},\"datePublished\":\"2023-11-20T16:46:07+00:00\",\"dateModified\":\"2026-01-20T15:02:34+00:00\",\"description\":\"En Cenco te ayudamos con la contabilidad y planificaci\u00f3n fiscal de tu empresa, entre otros servicios fiscales.\",\"breadcrumb\":{\"@id\":\"https:\/\/cenco.cat\/es\/servicios\/fiscal\/#breadcrumb\"},\"inLanguage\":\"es\",\"potentialAction\":[{\"@type\":\"ReadAction\",\"target\":[\"https:\/\/cenco.cat\/es\/servicios\/fiscal\/\"]}]},{\"@type\":\"BreadcrumbList\",\"@id\":\"https:\/\/cenco.cat\/es\/servicios\/fiscal\/#breadcrumb\",\"itemListElement\":[{\"@type\":\"ListItem\",\"position\":1,\"name\":\"Inici\",\"item\":\"https:\/\/cenco.cat\/es\/\"},{\"@type\":\"ListItem\",\"position\":2,\"name\":\"Servicios\",\"item\":\"https:\/\/cenco.cat\/es\/servicios\/\"},{\"@type\":\"ListItem\",\"position\":3,\"name\":\"Fiscal\"}]},{\"@type\":\"WebSite\",\"@id\":\"https:\/\/cenco.cat\/#website\",\"url\":\"https:\/\/cenco.cat\/\",\"name\":\"Cenco\",\"description\":\"Desde 1980, Cenco Assessorament Fiscal i Comptable, SL ens dediquem a oferir el millor servei als nostres clients de Balaguer i rodalies.\",\"potentialAction\":[{\"@type\":\"SearchAction\",\"target\":{\"@type\":\"EntryPoint\",\"urlTemplate\":\"https:\/\/cenco.cat\/?s={search_term_string}\"},\"query-input\":{\"@type\":\"PropertyValueSpecification\",\"valueRequired\":true,\"valueName\":\"search_term_string\"}}],\"inLanguage\":\"es\"}]}<\/script>\n<!-- \/ Yoast SEO plugin. -->","yoast_head_json":{"title":"Fiscal - Cenco","description":"En Cenco te ayudamos con la contabilidad y planificaci\u00f3n fiscal de tu empresa, entre otros servicios fiscales.","robots":{"index":"index","follow":"follow","max-snippet":"max-snippet:-1","max-image-preview":"max-image-preview:large","max-video-preview":"max-video-preview:-1"},"canonical":"https:\/\/cenco.cat\/es\/servicios\/fiscal\/","og_locale":"es_ES","og_type":"article","og_title":"Fiscal - Cenco","og_description":"En Cenco te ayudamos con la contabilidad y planificaci\u00f3n fiscal de tu empresa, entre otros servicios fiscales.","og_url":"https:\/\/cenco.cat\/es\/servicios\/fiscal\/","og_site_name":"Cenco","article_modified_time":"2026-01-20T15:02:34+00:00","twitter_card":"summary_large_image","twitter_misc":{"Tiempo de lectura":"2 minutos"},"schema":{"@context":"https:\/\/schema.org","@graph":[{"@type":"WebPage","@id":"https:\/\/cenco.cat\/es\/servicios\/fiscal\/","url":"https:\/\/cenco.cat\/es\/servicios\/fiscal\/","name":"Fiscal - Cenco","isPartOf":{"@id":"https:\/\/cenco.cat\/#website"},"datePublished":"2023-11-20T16:46:07+00:00","dateModified":"2026-01-20T15:02:34+00:00","description":"En Cenco te ayudamos con la contabilidad y planificaci\u00f3n fiscal de tu empresa, entre otros servicios fiscales.","breadcrumb":{"@id":"https:\/\/cenco.cat\/es\/servicios\/fiscal\/#breadcrumb"},"inLanguage":"es","potentialAction":[{"@type":"ReadAction","target":["https:\/\/cenco.cat\/es\/servicios\/fiscal\/"]}]},{"@type":"BreadcrumbList","@id":"https:\/\/cenco.cat\/es\/servicios\/fiscal\/#breadcrumb","itemListElement":[{"@type":"ListItem","position":1,"name":"Inici","item":"https:\/\/cenco.cat\/es\/"},{"@type":"ListItem","position":2,"name":"Servicios","item":"https:\/\/cenco.cat\/es\/servicios\/"},{"@type":"ListItem","position":3,"name":"Fiscal"}]},{"@type":"WebSite","@id":"https:\/\/cenco.cat\/#website","url":"https:\/\/cenco.cat\/","name":"Cenco","description":"Desde 1980, Cenco Assessorament Fiscal i Comptable, SL ens dediquem a oferir el millor servei als nostres clients de Balaguer i rodalies.","potentialAction":[{"@type":"SearchAction","target":{"@type":"EntryPoint","urlTemplate":"https:\/\/cenco.cat\/?s={search_term_string}"},"query-input":{"@type":"PropertyValueSpecification","valueRequired":true,"valueName":"search_term_string"}}],"inLanguage":"es"}]}},"_links":{"self":[{"href":"https:\/\/cenco.cat\/es\/wp-json\/wp\/v2\/pages\/3627","targetHints":{"allow":["GET"]}}],"collection":[{"href":"https:\/\/cenco.cat\/es\/wp-json\/wp\/v2\/pages"}],"about":[{"href":"https:\/\/cenco.cat\/es\/wp-json\/wp\/v2\/types\/page"}],"author":[{"embeddable":true,"href":"https:\/\/cenco.cat\/es\/wp-json\/wp\/v2\/users\/1"}],"replies":[{"embeddable":true,"href":"https:\/\/cenco.cat\/es\/wp-json\/wp\/v2\/comments?post=3627"}],"version-history":[{"count":4,"href":"https:\/\/cenco.cat\/es\/wp-json\/wp\/v2\/pages\/3627\/revisions"}],"predecessor-version":[{"id":3739,"href":"https:\/\/cenco.cat\/es\/wp-json\/wp\/v2\/pages\/3627\/revisions\/3739"}],"up":[{"embeddable":true,"href":"https:\/\/cenco.cat\/es\/wp-json\/wp\/v2\/pages\/3630"}],"wp:attachment":[{"href":"https:\/\/cenco.cat\/es\/wp-json\/wp\/v2\/media?parent=3627"}],"curies":[{"name":"wp","href":"https:\/\/api.w.org\/{rel}","templated":true}]}}