{"id":3676,"date":"2026-01-09T11:26:21","date_gmt":"2026-01-09T10:26:21","guid":{"rendered":"https:\/\/www.cenco.cat\/politica-privacitat\/"},"modified":"2026-01-13T18:38:00","modified_gmt":"2026-01-13T17:38:00","slug":"politica-privacitat","status":"publish","type":"page","link":"https:\/\/cenco.cat\/es\/politica-privacitat\/","title":{"rendered":"Pol\u00edtica de Privacitat"},"content":{"rendered":"<p><div class=\"fusion-fullwidth fullwidth-box fusion-builder-row-1 fusion-flex-container has-pattern-background has-mask-background hundred-percent-fullwidth non-hundred-percent-height-scrolling\" style=\"--awb-border-radius-top-left:0px;--awb-border-radius-top-right:0px;--awb-border-radius-bottom-right:0px;--awb-border-radius-bottom-left:0px;--awb-flex-wrap:wrap;\" ><div class=\"fusion-builder-row fusion-row fusion-flex-align-items-center fusion-flex-justify-content-center fusion-flex-content-wrap\" style=\"width:104% !important;max-width:104% !important;margin-left: calc(-4% \/ 2 );margin-right: calc(-4% \/ 2 );\"><div class=\"fusion-layout-column fusion_builder_column fusion-builder-column-0 fusion_builder_column_1_1 1_1 fusion-flex-column fusion-flex-align-self-center\" style=\"--awb-padding-top:80px;--awb-padding-right:100px;--awb-padding-bottom:100px;--awb-padding-left:100px;--awb-padding-top-small:20px;--awb-padding-right-small:20px;--awb-padding-bottom-small:20px;--awb-padding-left-small:20px;--awb-overflow:hidden;--awb-bg-image:linear-gradient(180deg, var(--awb-color7) 0%,rgba(34,37,61,0.77) 100%);;--awb-bg-position:center bottom;--awb-bg-size:cover;--awb-border-radius:0px 0px 0px 50px;--awb-width-large:100%;--awb-margin-top-large:0px;--awb-spacing-right-large:80px;--awb-margin-bottom-large:0px;--awb-spacing-left-large:80px;--awb-width-medium:100%;--awb-order-medium:0;--awb-spacing-right-medium:80px;--awb-spacing-left-medium:80px;--awb-width-small:100%;--awb-order-small:0;--awb-spacing-right-small:1.92%;--awb-spacing-left-small:1.92%;\"><div class=\"fusion-column-wrapper lazyload fusion-column-has-shadow fusion-flex-justify-content-center fusion-content-layout-column fusion-column-has-bg-image\" data-bg-url=\"https:\/\/www.cenco.cat\/wp-content\/uploads\/2026\/01\/assessoria-online-cenco-01.jpg\" data-bg=\"https:\/\/www.cenco.cat\/wp-content\/uploads\/2026\/01\/assessoria-online-cenco-01.jpg\" data-bg-gradient=\"linear-gradient(180deg, var(--awb-color7) 0%,rgba(34,37,61,0.77) 100%)\"><div class=\"fusion-title title fusion-title-1 fusion-sep-none fusion-title-center fusion-title-text fusion-title-size-one\" style=\"--awb-text-color:var(--awb-color1);--awb-margin-top:0px;--awb-margin-bottom:0px;--awb-margin-top-small:0px;--awb-margin-bottom-medium:20px;\"><h1 class=\"fusion-title-heading title-heading-center\" style=\"margin:0;text-transform:none;\">Pol\u00edtica de privacidad y protecci\u00f3n de datos personales<\/h1><\/div><\/div><\/div><\/div><\/div><div class=\"fusion-fullwidth fullwidth-box fusion-builder-row-2 fusion-flex-container has-pattern-background has-mask-background nonhundred-percent-fullwidth non-hundred-percent-height-scrolling\" style=\"--awb-border-radius-top-left:0px;--awb-border-radius-top-right:0px;--awb-border-radius-bottom-right:0px;--awb-border-radius-bottom-left:0px;--awb-padding-top:0px;--awb-margin-top:60px;--awb-flex-wrap:wrap;\" ><div class=\"fusion-builder-row fusion-row fusion-flex-align-items-flex-start fusion-flex-justify-content-center fusion-flex-content-wrap\" style=\"max-width:1372.8px;margin-left: calc(-4% \/ 2 );margin-right: calc(-4% \/ 2 );\"><div class=\"fusion-layout-column fusion_builder_column fusion-builder-column-1 fusion_builder_column_3_4 3_4 fusion-flex-column\" style=\"--awb-padding-bottom:60px;--awb-bg-size:cover;--awb-width-large:75%;--awb-margin-top-large:0px;--awb-spacing-right-large:2.56%;--awb-margin-bottom-large:0px;--awb-spacing-left-large:2.56%;--awb-width-medium:75%;--awb-order-medium:0;--awb-spacing-right-medium:2.56%;--awb-spacing-left-medium:2.56%;--awb-width-small:100%;--awb-order-small:0;--awb-spacing-right-small:1.92%;--awb-spacing-left-small:1.92%;\"><div class=\"fusion-column-wrapper fusion-column-has-shadow fusion-flex-justify-content-flex-start fusion-content-layout-column\"><div class=\"fusion-text fusion-text-1\" style=\"--awb-text-transform:none;\"><div class=\"not-cies\">\n<p>CENCO garantiza la confidencialidad de los datos de car\u00e1cter personal facilitados por los usuarios y su tratamiento automatizado de acuerdo a la legislaci\u00f3n actual sobre protecci\u00f3n de datos de car\u00e1cter personal.<\/p>\n<div class=\"contacte-blanc w-container\">\n<div class=\"historia\">\n<p><span dir=\"auto\" style=\"vertical-align: inherit;\"><span dir=\"auto\" style=\"vertical-align: inherit;\">Aquellas personas que accedan a la web de CENCO asumen el papel de usuario, e implica la aceptaci\u00f3n plena y sin reservas de todos y cada uno de los t\u00e9rminos y condiciones incluidos en este Aviso Legal, as\u00ed como a cualesquiera otras disposiciones legales que fueran de aplicaci\u00f3n.<\/span><\/span><\/p>\n<p><span dir=\"auto\" style=\"vertical-align: inherit;\"><span dir=\"auto\" style=\"vertical-align: inherit;\">Como usuario, debe leer atentamente este Aviso Legal con una frecuencia razonable, pues este puede sufrir modificaciones, ya que CENCO se reserva el derecho a modificar cualquier tipo de informaci\u00f3n que pudiera aparecer en la web, sin que exista la obligaci\u00f3n de preavisar o poner en conocimiento de los usuarios estas obligaciones, siendo suficiente la publicaci\u00f3n en este sitio web.<\/span><\/span><\/p>\n<\/div>\n<h2><span dir=\"auto\" style=\"vertical-align: inherit;\"><span dir=\"auto\" style=\"vertical-align: inherit;\">Tratamiento de los datos<\/span><\/span><\/h2>\n<div><span dir=\"auto\" style=\"vertical-align: inherit;\"><span dir=\"auto\" style=\"vertical-align: inherit;\">Cenco Assessorament Fiscal i Comptable, SL trata sus datos de acuerdo con los siguientes criterios:<\/span><\/span><\/div>\n<\/div>\n<\/div>\n<div class=\"w-container\">\n<div class=\"w-row\">\n<div class=\"w-col w-col-4\">\n<h3><span dir=\"auto\" style=\"vertical-align: inherit;\"><span dir=\"auto\" style=\"vertical-align: inherit;\">Responsable del tratamiento de los datos<\/span><\/span><\/h3>\n<\/div>\n<div class=\"column w-col w-col-8\">\n<p style=\"padding-left: 80px;\">Cenco Assessorament Fiscal i Comptable, SL<br \/>\n<span dir=\"auto\" style=\"vertical-align: inherit;\"><span dir=\"auto\" style=\"vertical-align: inherit;\">CIF: B25317066 <\/span><\/span><br \/>\n<span dir=\"auto\" style=\"vertical-align: inherit;\"><span dir=\"auto\" style=\"vertical-align: inherit;\">Direcci\u00f3n: Av. Pa\u00efsos Catalans, 9-11, 25600 Balaguer, Lleida <\/span><\/span><br \/>\n<span dir=\"auto\" style=\"vertical-align: inherit;\"><span dir=\"auto\" style=\"vertical-align: inherit;\">Correo electr\u00f3nico: <\/span><\/span><br \/>\n<span dir=\"auto\" style=\"vertical-align: inherit;\"><span dir=\"auto\" style=\"vertical-align: inherit;\">info@cenco.cat<\/span><\/span><\/p>\n<h3><span dir=\"auto\" style=\"vertical-align: inherit;\"><span dir=\"auto\" style=\"vertical-align: inherit;\">Legitimaci\u00f3n<\/span><\/span><\/h3>\n<p style=\"padding-left: 80px;\"><span dir=\"auto\" style=\"vertical-align: inherit;\"><span dir=\"auto\" style=\"vertical-align: inherit;\">El tratamiento de los datos est\u00e1 legitimado de acuerdo con el RGPD (UE) 2016\/679 para que los mismos resulten necesarios para la ejecuci\u00f3n de la relaci\u00f3n contractual o, en otros casos, la base legitimadora ser\u00e1 el consentimiento, dado que ser\u00e1 el propio interesado quien haya proporcionado los datos, una vez informado. <\/span><\/span><br \/>\n<span dir=\"auto\" style=\"vertical-align: inherit;\"><span dir=\"auto\" style=\"vertical-align: inherit;\">\u200d<\/span><\/span><\/p>\n<h3><span dir=\"auto\" style=\"vertical-align: inherit;\"><span dir=\"auto\" style=\"vertical-align: inherit;\">Finalidad y tratamiento<\/span><\/span><\/h3>\n<p style=\"padding-left: 80px;\"><span style=\"letter-spacing: -0.255px; background-color: rgba(0, 0, 0, 0);\"><span dir=\"auto\" style=\"vertical-align: inherit;\"><span dir=\"auto\" style=\"vertical-align: inherit;\">La recogida y tratamiento de sus datos personales a trav\u00e9s de los formularios de registro tiene como finalidad posibilitar que Cenco se ponga en contacto con el interesado, a petici\u00f3n propia de este. <\/span><\/span><\/span><span style=\"letter-spacing: -0.255px; background-color: rgba(0, 0, 0, 0);\"><span dir=\"auto\" style=\"vertical-align: inherit;\"><span dir=\"auto\" style=\"vertical-align: inherit;\">\u200d<\/span><\/span><\/span><\/p>\n<h3><span dir=\"auto\" style=\"vertical-align: inherit;\"><span dir=\"auto\" style=\"vertical-align: inherit;\">Conservaci\u00f3n de los datos<\/span><\/span><\/h3>\n<p style=\"padding-left: 80px;\"><span dir=\"auto\" style=\"vertical-align: inherit;\"><span dir=\"auto\" style=\"vertical-align: inherit;\">Sus datos se conservar\u00e1n durante la vigencia de la relaci\u00f3n comercial, m\u00e1s el plazo previsto por la legislaci\u00f3n espec\u00edfica en la que estos datos puedan ser exigibles. En caso de que el usuario ejerza sus derechos de supresi\u00f3n y oposici\u00f3n, sus datos ser\u00e1n bloqueados y posteriormente destruidos de forma confidencial. En caso de haber sido cedidas a un encargado del tratamiento, este ser\u00e1 requerido a hacer lo mismo, siendo Cenco el responsable al hacerlo cumplir. <\/span><\/span><br \/>\n<span dir=\"auto\" style=\"vertical-align: inherit;\"><span dir=\"auto\" style=\"vertical-align: inherit;\">\u200d<\/span><\/span><\/p>\n<h3><span dir=\"auto\" style=\"vertical-align: inherit;\"><span dir=\"auto\" style=\"vertical-align: inherit;\">Destinatarios de los datos<\/span><\/span><\/h3>\n<p style=\"padding-left: 80px;\"><span dir=\"auto\" style=\"vertical-align: inherit;\"><span dir=\"auto\" style=\"vertical-align: inherit;\">Pueden ser destinatarios de los datos personales los terceros encargados de tratamiento que presten sus servicios en Cenco, con los que se ha suscrito el correspondiente acuerdo que garantiza el cumplimiento del RGPD y de las medidas de seguridad adecuadas. Sus datos pueden ser cedidos, en determinados casos, a GRUP DE GESTI\u00d3, SL. En caso de ser requeridos, sus datos tambi\u00e9n pueden ser cedidos a los tribunales y cuerpos y fuerzas de seguridad. <\/span><\/span><br \/>\n<span dir=\"auto\" style=\"vertical-align: inherit;\"><span dir=\"auto\" style=\"vertical-align: inherit;\">\u200d<\/span><\/span><\/p>\n<h3><span dir=\"auto\" style=\"vertical-align: inherit;\"><span dir=\"auto\" style=\"vertical-align: inherit;\">Transferencia internacional de datos<\/span><\/span><\/h3>\n<p style=\"padding-left: 80px;\"><span dir=\"auto\" style=\"vertical-align: inherit;\"><span dir=\"auto\" style=\"vertical-align: inherit;\">No se prev\u00e9 realizar transferencias internacionales de datos. <\/span><\/span><br \/>\n<span dir=\"auto\" style=\"vertical-align: inherit;\"><span dir=\"auto\" style=\"vertical-align: inherit;\">\u200d<\/span><\/span><\/p>\n<h3><span dir=\"auto\" style=\"vertical-align: inherit;\"><span dir=\"auto\" style=\"vertical-align: inherit;\">Derechos<\/span><\/span><\/h3>\n<p style=\"padding-left: 80px;\"><span dir=\"auto\" style=\"vertical-align: inherit;\"><span dir=\"auto\" style=\"vertical-align: inherit;\">En cualquier momento podr\u00e1 ejercitar sus derechos de acceso, rectificaci\u00f3n, supresi\u00f3n y oposici\u00f3n, portabilidad y limitaci\u00f3n del tratamiento, recogidos en RGPD (UE) 2016\/679, dirigi\u00e9ndose a la direcci\u00f3n arriba indicada o mediante correo electr\u00f3nico a info@cenco.cat.<\/span><\/span><\/p>\n<p style=\"padding-left: 80px;\"><span dir=\"auto\" style=\"vertical-align: inherit;\"><span dir=\"auto\" style=\"vertical-align: inherit;\">La solicitud deber\u00e1 especificar cu\u00e1l de estos derechos solicita que sea satisfecho y debe ir acompa\u00f1ada de una fotocopia de su DNI o documento identificador equivalente. <\/span><\/span><br \/>\n<span dir=\"auto\" style=\"vertical-align: inherit;\"><span dir=\"auto\" style=\"vertical-align: inherit;\">\u200d<\/span><\/span><\/p>\n<h3><span dir=\"auto\" style=\"vertical-align: inherit;\"><span dir=\"auto\" style=\"vertical-align: inherit;\">Posibilidad de reclamaci\u00f3n<\/span><\/span><\/h3>\n<p style=\"padding-left: 80px;\"><span dir=\"auto\" style=\"vertical-align: inherit;\"><span dir=\"auto\" style=\"vertical-align: inherit;\">Si considera que sus derechos no se han atendido adecuadamente, tiene derecho a presentar una reclamaci\u00f3n ante la Autoritat Catalana de Protecci\u00f3 de Dades (ACPD) o la Agencia Espa\u00f1ola de Protecci\u00f3n de Datos (AEPD).<\/span><\/span><\/p>\n<p style=\"padding-left: 80px;\"><span dir=\"auto\" style=\"vertical-align: inherit;\"><span dir=\"auto\" style=\"vertical-align: inherit;\">Si desea tener m\u00e1s informaci\u00f3n sobre este derecho y c\u00f3mo ejercerlo, puede dirigirse a:<\/span><\/span><\/p>\n<p style=\"padding-left: 80px;\">Autoritat Catalana de Protecci\u00f3 de Dades<br \/>\n<span dir=\"auto\" style=\"vertical-align: inherit;\"><span dir=\"auto\" style=\"vertical-align: inherit;\">C\/ Rossell\u00f3, 214, Esc. A, 1r 1a <\/span><\/span><br \/>\n<span dir=\"auto\" style=\"vertical-align: inherit;\"><span dir=\"auto\" style=\"vertical-align: inherit;\">08008 Barcelona <\/span><\/span><br \/>\n<span dir=\"auto\" style=\"vertical-align: inherit;\"><span dir=\"auto\" style=\"vertical-align: inherit;\">Tel\u00e9fono: 93 552 78 00 <\/span><\/span><br \/>\n<a href=\"mailto:apdcat@gencat.cat\"><span dir=\"auto\" style=\"vertical-align: inherit;\"><span dir=\"auto\" style=\"vertical-align: inherit;\">apdcat@gencat.cat <\/span><\/span><\/a><br \/>\n<a href=\"http:\/\/apdcat.cat\/ca\/\"><span dir=\"auto\" style=\"vertical-align: inherit;\"><span dir=\"auto\" style=\"vertical-align: inherit;\">www.apdcat.cat<\/span><\/span><\/a><\/p>\n<p style=\"padding-left: 80px;\">Agencia Espa\u00f1ola de Protecci\u00f3n de Datos<br \/>\nC\/ Jorge Juan, 6.28001 \u2013 Madrid<br \/>\nTel\u00e9fono: <a href=\"tel:901100099\">901 100 099<\/a> \u2013 <a href=\"tel:912663517\">912 663 517<br \/>\n\u200d<\/a><a href=\"https:\/\/sedeagpd.gob.es\/sede-electronica-web\/\">https:\/\/sedeagpd.gob.es\/sede-electronica-web\/<\/a><a href=\"http:\/\/www.aepd.es\/\">www.aepd.es<\/a><\/p>\n<\/div>\n<\/div>\n<\/div>\n<\/div><\/div><\/div><\/div><\/div><\/p>\n","protected":false},"excerpt":{"rendered":"","protected":false},"author":1,"featured_media":0,"parent":0,"menu_order":0,"comment_status":"closed","ping_status":"closed","template":"100-width.php","meta":{"footnotes":""},"class_list":["post-3676","page","type-page","status-publish","hentry"],"yoast_head":"<!-- This site is optimized with the Yoast SEO plugin v26.8 - https:\/\/yoast.com\/product\/yoast-seo-wordpress\/ -->\n<title>Pol\u00edtica de Privacitat - Cenco<\/title>\n<meta name=\"robots\" content=\"index, follow, max-snippet:-1, max-image-preview:large, max-video-preview:-1\" \/>\n<link rel=\"canonical\" href=\"https:\/\/cenco.cat\/es\/politica-privacitat\/\" \/>\n<meta property=\"og:locale\" content=\"es_ES\" \/>\n<meta property=\"og:type\" content=\"article\" \/>\n<meta property=\"og:title\" content=\"Pol\u00edtica de Privacitat - Cenco\" \/>\n<meta property=\"og:url\" content=\"https:\/\/cenco.cat\/es\/politica-privacitat\/\" \/>\n<meta property=\"og:site_name\" content=\"Cenco\" \/>\n<meta property=\"article:modified_time\" content=\"2026-01-13T17:38:00+00:00\" \/>\n<meta name=\"twitter:card\" content=\"summary_large_image\" \/>\n<meta name=\"twitter:label1\" content=\"Tiempo de lectura\" \/>\n\t<meta name=\"twitter:data1\" content=\"10 minutos\" \/>\n<script type=\"application\/ld+json\" class=\"yoast-schema-graph\">{\"@context\":\"https:\/\/schema.org\",\"@graph\":[{\"@type\":\"WebPage\",\"@id\":\"https:\/\/cenco.cat\/es\/politica-privacitat\/\",\"url\":\"https:\/\/cenco.cat\/es\/politica-privacitat\/\",\"name\":\"Pol\u00edtica de Privacitat - Cenco\",\"isPartOf\":{\"@id\":\"https:\/\/cenco.cat\/#website\"},\"datePublished\":\"2026-01-09T10:26:21+00:00\",\"dateModified\":\"2026-01-13T17:38:00+00:00\",\"breadcrumb\":{\"@id\":\"https:\/\/cenco.cat\/es\/politica-privacitat\/#breadcrumb\"},\"inLanguage\":\"es\",\"potentialAction\":[{\"@type\":\"ReadAction\",\"target\":[\"https:\/\/cenco.cat\/es\/politica-privacitat\/\"]}]},{\"@type\":\"BreadcrumbList\",\"@id\":\"https:\/\/cenco.cat\/es\/politica-privacitat\/#breadcrumb\",\"itemListElement\":[{\"@type\":\"ListItem\",\"position\":1,\"name\":\"Inici\",\"item\":\"https:\/\/cenco.cat\/es\/\"},{\"@type\":\"ListItem\",\"position\":2,\"name\":\"Pol\u00edtica de Privacitat\"}]},{\"@type\":\"WebSite\",\"@id\":\"https:\/\/cenco.cat\/#website\",\"url\":\"https:\/\/cenco.cat\/\",\"name\":\"Cenco\",\"description\":\"Desde 1980, Cenco Assessorament Fiscal i Comptable, SL ens dediquem a oferir el millor servei als nostres clients de Balaguer i rodalies.\",\"potentialAction\":[{\"@type\":\"SearchAction\",\"target\":{\"@type\":\"EntryPoint\",\"urlTemplate\":\"https:\/\/cenco.cat\/?s={search_term_string}\"},\"query-input\":{\"@type\":\"PropertyValueSpecification\",\"valueRequired\":true,\"valueName\":\"search_term_string\"}}],\"inLanguage\":\"es\"}]}<\/script>\n<!-- \/ Yoast SEO plugin. -->","yoast_head_json":{"title":"Pol\u00edtica de Privacitat - Cenco","robots":{"index":"index","follow":"follow","max-snippet":"max-snippet:-1","max-image-preview":"max-image-preview:large","max-video-preview":"max-video-preview:-1"},"canonical":"https:\/\/cenco.cat\/es\/politica-privacitat\/","og_locale":"es_ES","og_type":"article","og_title":"Pol\u00edtica de Privacitat - Cenco","og_url":"https:\/\/cenco.cat\/es\/politica-privacitat\/","og_site_name":"Cenco","article_modified_time":"2026-01-13T17:38:00+00:00","twitter_card":"summary_large_image","twitter_misc":{"Tiempo de lectura":"10 minutos"},"schema":{"@context":"https:\/\/schema.org","@graph":[{"@type":"WebPage","@id":"https:\/\/cenco.cat\/es\/politica-privacitat\/","url":"https:\/\/cenco.cat\/es\/politica-privacitat\/","name":"Pol\u00edtica de Privacitat - Cenco","isPartOf":{"@id":"https:\/\/cenco.cat\/#website"},"datePublished":"2026-01-09T10:26:21+00:00","dateModified":"2026-01-13T17:38:00+00:00","breadcrumb":{"@id":"https:\/\/cenco.cat\/es\/politica-privacitat\/#breadcrumb"},"inLanguage":"es","potentialAction":[{"@type":"ReadAction","target":["https:\/\/cenco.cat\/es\/politica-privacitat\/"]}]},{"@type":"BreadcrumbList","@id":"https:\/\/cenco.cat\/es\/politica-privacitat\/#breadcrumb","itemListElement":[{"@type":"ListItem","position":1,"name":"Inici","item":"https:\/\/cenco.cat\/es\/"},{"@type":"ListItem","position":2,"name":"Pol\u00edtica de Privacitat"}]},{"@type":"WebSite","@id":"https:\/\/cenco.cat\/#website","url":"https:\/\/cenco.cat\/","name":"Cenco","description":"Desde 1980, Cenco Assessorament Fiscal i Comptable, SL ens dediquem a oferir el millor servei als nostres clients de Balaguer i rodalies.","potentialAction":[{"@type":"SearchAction","target":{"@type":"EntryPoint","urlTemplate":"https:\/\/cenco.cat\/?s={search_term_string}"},"query-input":{"@type":"PropertyValueSpecification","valueRequired":true,"valueName":"search_term_string"}}],"inLanguage":"es"}]}},"_links":{"self":[{"href":"https:\/\/cenco.cat\/es\/wp-json\/wp\/v2\/pages\/3676","targetHints":{"allow":["GET"]}}],"collection":[{"href":"https:\/\/cenco.cat\/es\/wp-json\/wp\/v2\/pages"}],"about":[{"href":"https:\/\/cenco.cat\/es\/wp-json\/wp\/v2\/types\/page"}],"author":[{"embeddable":true,"href":"https:\/\/cenco.cat\/es\/wp-json\/wp\/v2\/users\/1"}],"replies":[{"embeddable":true,"href":"https:\/\/cenco.cat\/es\/wp-json\/wp\/v2\/comments?post=3676"}],"version-history":[{"count":5,"href":"https:\/\/cenco.cat\/es\/wp-json\/wp\/v2\/pages\/3676\/revisions"}],"predecessor-version":[{"id":3690,"href":"https:\/\/cenco.cat\/es\/wp-json\/wp\/v2\/pages\/3676\/revisions\/3690"}],"wp:attachment":[{"href":"https:\/\/cenco.cat\/es\/wp-json\/wp\/v2\/media?parent=3676"}],"curies":[{"name":"wp","href":"https:\/\/api.w.org\/{rel}","templated":true}]}}